{"id":2215,"date":"2017-06-03T20:18:30","date_gmt":"2017-06-03T18:18:30","guid":{"rendered":"https:\/\/www.danb.fr\/?page_id=2215\/"},"modified":"2019-12-24T11:36:55","modified_gmt":"2019-12-24T10:36:55","slug":"contact-and-reservation","status":"publish","type":"page","link":"https:\/\/www.danb.fr\/en\/contact-and-reservation\/","title":{"rendered":"Contact and online reservation"},"content":{"rendered":"<p>[vc_row row_type=&#8221;row&#8221; use_row_as_full_screen_section=&#8221;no&#8221; type=&#8221;full_width&#8221; text_align=&#8221;left&#8221; background_animation=&#8221;none&#8221; padding_top=&#8221;30&#8243; css_animation=&#8221;&#8221;][vc_column width=&#8221;1\/3&#8243; css=&#8221;.vc_custom_1479668299499{background-color: #f9f9f9 !important;}&#8221;][\/vc_column][vc_column width=&#8221;1\/3&#8243;][vc_column_text css=&#8221;.vc_custom_1498467621282{margin-bottom: 30px !important;}&#8221;]<\/p>\n<h3 style=\"text-align: center;\">RESERVATION INFORMATION<\/h3>\n<p>[\/vc_column_text][\/vc_column][vc_column width=&#8221;1\/3&#8243; css=&#8221;.vc_custom_1479668283796{background-color: #f9f9f9 !important;}&#8221;][\/vc_column][\/vc_row][vc_row row_type=&#8221;row&#8221; use_row_as_full_screen_section=&#8221;no&#8221; type=&#8221;grid&#8221; text_align=&#8221;left&#8221; background_animation=&#8221;none&#8221; padding_top=&#8221;10&#8243; padding_bottom=&#8221;10&#8243; css_animation=&#8221;&#8221; css=&#8221;.vc_custom_1480541772548{padding-top: 40px !important;}&#8221;][vc_column offset=&#8221;vc_col-lg-6 vc_col-md-6&#8243;][vc_column_text]<\/p>\n<h5>Our services<\/h5>\n<p>[\/vc_column_text][vc_empty_space height=&#8221;33px&#8221;][vc_column_text]<\/p>\n<ul>\n<li>A <strong>private dining room<\/strong> is available for corporate or family entertaining<\/li>\n<li>Our main dining room seats <strong>40<\/strong><\/li>\n<li>Nearby free parking<\/li>\n<li>Cash and cards accepted.<\/li>\n<\/ul>\n<p><span style=\"font-size: 14pt;\">Chauffeur-driven car available. Please book <strong>24 hours in advance<\/strong>.<\/span><\/p>\n<p>[\/vc_column_text][vc_empty_space height=&#8221;10px&#8221;]<a href=\"\/chauffeur-prive\/\" target=\"_self\" data-hover-background-color='#dadada' data-hover-border-color='#ffffff'  class=\"qbutton  small\" style=\"color: #ffffff; border-color: #ffffff; background-color: #515151;\">RESERVE CHAUFEUR SERVICE<\/a>[vc_empty_space height=&#8221;40px&#8221;][vc_column_text] <strong>SPECIAL DIETARY REQUIREMENTS<\/strong>\u00a0<strong>?<\/strong> [\/vc_column_text][vc_empty_space height=&#8221;25px&#8221;][vc_column_text] Please advise when booking if you have any special dietary requirements. We will organise your meal in accordance with your needs. [\/vc_column_text][vc_empty_space height=&#8221;25px&#8221;][vc_column_text]<\/p>\n<p><img loading=\"lazy\" decoding=\"async\" class=\"alignnone size-full wp-image-6616\" src=\"https:\/\/www.danb.fr\/wp-content\/uploads\/2019\/12\/logodb_2020-black-150.png\" alt=\"\" width=\"150\" height=\"62\" \/><\/p>\n<p>[\/vc_column_text][vc_column_text] 1 Rue Fr\u00e9d\u00e9ric Mistral 13122 Ventabren <strong>R\u00e9servation : 04 42 28 79 33<\/strong> [\/vc_column_text][vc_empty_space height=&#8221;25px&#8221;][\/vc_column][vc_column offset=&#8221;vc_col-lg-6 vc_col-md-6&#8243;][vc_column_text] Reservation fee required for <strong>6 or more guests<\/strong> . There will be a charge for cancellation if less than less than <strong>24 hours<\/strong> notice given. [\/vc_column_text][vc_empty_space height=&#8221;33px&#8221;][vc_row_inner row_type=&#8221;row&#8221; type=&#8221;full_width&#8221; use_row_as_full_screen_section_slide=&#8221;no&#8221; text_align=&#8221;left&#8221; css_animation=&#8221;&#8221; css=&#8221;.vc_custom_1553593034013{padding-top: 10px !important;padding-right: 10px !important;padding-bottom: 10px !important;padding-left: 10px !important;background-color: #f7f7f7 !important;}&#8221;][vc_column_inner]\n<div class=\"wpcf7 no-js\" id=\"wpcf7-f2218-o1\" lang=\"fr-FR\" dir=\"ltr\" data-wpcf7-id=\"2218\">\n<div class=\"screen-reader-response\"><p role=\"status\" aria-live=\"polite\" aria-atomic=\"true\"><\/p> <ul><\/ul><\/div>\n<form action=\"\/en\/wp-json\/wp\/v2\/pages\/2215#wpcf7-f2218-o1\" method=\"post\" class=\"wpcf7-form init default wpcf7-acceptance-as-validation\" aria-label=\"Formulaire de contact\" novalidate=\"novalidate\" data-status=\"init\">\n<fieldset class=\"hidden-fields-container\"><input type=\"hidden\" name=\"_wpcf7\" value=\"2218\" \/><input type=\"hidden\" name=\"_wpcf7_version\" value=\"6.1.5\" \/><input type=\"hidden\" name=\"_wpcf7_locale\" value=\"fr_FR\" \/><input type=\"hidden\" name=\"_wpcf7_unit_tag\" value=\"wpcf7-f2218-o1\" \/><input type=\"hidden\" name=\"_wpcf7_container_post\" value=\"0\" \/><input type=\"hidden\" name=\"_wpcf7_posted_data_hash\" value=\"\" \/>\n<\/fieldset>\n<p>Name (required)\n<\/p>\n<p><span class=\"wpcf7-form-control-wrap\" data-name=\"your-name\"><input size=\"40\" maxlength=\"400\" class=\"wpcf7-form-control wpcf7-text wpcf7-validates-as-required\" aria-required=\"true\" aria-invalid=\"false\" value=\"\" type=\"text\" name=\"your-name\" \/><\/span>\n<\/p>\n<p>Email (required)\n<\/p>\n<p><span class=\"wpcf7-form-control-wrap\" data-name=\"your-email\"><input size=\"40\" maxlength=\"400\" class=\"wpcf7-form-control wpcf7-email wpcf7-validates-as-required wpcf7-text wpcf7-validates-as-email\" aria-required=\"true\" aria-invalid=\"false\" value=\"\" type=\"email\" name=\"your-email\" \/><\/span>\n<\/p>\n<p>Phone number (required)\n<\/p>\n<p><span class=\"wpcf7-form-control-wrap\" data-name=\"telephone\"><input size=\"40\" maxlength=\"400\" class=\"wpcf7-form-control wpcf7-tel wpcf7-validates-as-required wpcf7-text wpcf7-validates-as-tel\" aria-required=\"true\" aria-invalid=\"false\" value=\"\" type=\"tel\" name=\"telephone\" \/><\/span>\n<\/p>\n<p>You wish to book for\n<\/p>\n<p><span class=\"wpcf7-form-control-wrap\" data-name=\"midi-soir\"><span class=\"wpcf7-form-control wpcf7-radio\"><span class=\"wpcf7-list-item first\"><input type=\"radio\" name=\"midi-soir\" value=\"Lunch\" checked=\"checked\" \/><span class=\"wpcf7-list-item-label\">Lunch<\/span><\/span><span class=\"wpcf7-list-item last\"><input type=\"radio\" name=\"midi-soir\" value=\"Dinner\" \/><span class=\"wpcf7-list-item-label\">Dinner<\/span><\/span><\/span><\/span>\n<\/p>\n<p>-\n<\/p>\n<p>Number of guests\n<\/p>\n<p><span class=\"wpcf7-form-control-wrap\" data-name=\"nbr\"><select class=\"wpcf7-form-control wpcf7-select wpcf7-validates-as-required\" id=\"very-special-field\" aria-required=\"true\" aria-invalid=\"false\" name=\"nbr\"><option value=\"\">&#8212;Veuillez choisir une option&#8212;<\/option><option value=\"1\">1<\/option><option value=\"2\">2<\/option><option value=\"3\">3<\/option><option value=\"4\">4<\/option><option value=\"5\">5<\/option><option value=\"6\">6<\/option><option value=\"7\">7<\/option><option value=\"8\">8<\/option><option value=\"9\">9<\/option><option value=\"10\">10<\/option><\/select><\/span>\n<\/p>\n<p>-\n<\/p>\n<p>Reservation date\n<\/p>\n<p><span class=\"wpcf7-form-control-wrap\" data-name=\"date-410\"><input class=\"wpcf7-form-control wpcf7-date wpcf7-validates-as-required wpcf7-validates-as-date\" id=\"12\" aria-required=\"true\" aria-invalid=\"false\" value=\"\" type=\"date\" name=\"date-410\" \/><\/span>\n<\/p>\n<p>-\n<\/p>\n<p><span class=\"wpcf7-form-control-wrap\" data-name=\"Consentement_RGPD\"><span class=\"wpcf7-form-control wpcf7-acceptance\"><span class=\"wpcf7-list-item\"><label><input type=\"checkbox\" name=\"Consentement_RGPD\" value=\"1\" aria-invalid=\"false\" \/><span class=\"wpcf7-list-item-label\">By checking this box, I accept that personal informations entered in this form are used and exploited, to allow the owner to contact me as part of the commercial relationship that results from my request for pre-booking.<\/span><\/label><\/span><\/span><\/span><br \/>\n&nbsp;\n<\/p>\n<p>For security\n<\/p>\n<p><span class=\"wpcf7-form-control-wrap kc_captcha\" data-name=\"kc_captcha\"><span class=\"wpcf7-form-control wpcf7-radio\"><span class=\"captcha-image\" ><span class=\"cf7ic_instructions\">Veuillez prouver que vous \u00eates humain en s\u00e9lectionnant<span> la cl\u00e9<\/span>.<\/span><label><input aria-label=\"1\" type=\"radio\" name=\"kc_captcha\" value=\"bot\" \/><svg aria-hidden=\"true\" role=\"img\" xmlns=\"http:\/\/www.w3.org\/2000\/svg\" viewBox=\"0 0 640 512\"><path fill=\"currentColor\" d=\"M192 384h192c53 0 96-43 96-96h32a128 128 0 000-256H120c-13 0-24 11-24 24v232c0 53 43 96 96 96zM512 96a64 64 0 010 128h-32V96h32zm48 384H48c-47 0-61-64-36-64h584c25 0 11 64-36 64z\"\/><\/svg><\/label><label><input aria-label=\"2\" type=\"radio\" name=\"kc_captcha\" value=\"bot\" \/><svg aria-hidden=\"true\" role=\"img\" xmlns=\"http:\/\/www.w3.org\/2000\/svg\" viewBox=\"0 0 512 512\"><path fill=\"currentColor\" d=\"M350 99c-54 0-98-35-166-35-25 0-47 4-68 12a56 56 0 004-24C118 24 95 1 66 0a56 56 0 00-34 102v386c0 13 11 24 24 24h16c13 0 24-11 24-24v-94c28-12 64-23 114-23 54 0 98 35 166 35 48 0 86-16 122-41 9-6 14-15 14-26V96c0-23-24-39-45-29-35 16-77 32-117 32z\"\/><\/svg><\/label><label><input aria-label=\"3\" type=\"radio\" name=\"kc_captcha\" value=\"kc_human\" \/><svg aria-hidden=\"true\" role=\"img\" xmlns=\"http:\/\/www.w3.org\/2000\/svg\" viewBox=\"0 0 512 512\"><path fill=\"currentColor\" d=\"M512 176a176 176 0 01-209 173l-24 27a24 24 0 01-18 8h-37v40c0 13-11 24-24 24h-40v40c0 13-11 24-24 24H24c-13 0-24-11-24-24v-78c0-6 3-13 7-17l162-162a176 176 0 11343-55zm-176-48a48 48 0 1096 0 48 48 0 00-96 0z\"\/><\/svg><\/label>\r\n    <\/span>\r\n    <span style=\"display:none\">\r\n        <input type=\"text\" name=\"kc_honeypot\">\r\n    <\/span><\/span><\/span>\n<\/p>\n<p>-\n<\/p>\n<p>Indulge yourself !<br \/>\n<input class=\"wpcf7-form-control wpcf7-submit has-spinner\" type=\"submit\" value=\"Details for reservation\" \/>\n<\/p>\n<p>We will confirm your reservation as soon as possible.\n<\/p><input type='hidden' class='wpcf7-pum' value='{\"closepopup\":false,\"closedelay\":0,\"openpopup\":false,\"openpopup_id\":0}' \/><div class=\"wpcf7-response-output\" aria-hidden=\"true\"><\/div>\n<\/form>\n<\/div>\n[\/vc_column_inner][\/vc_row_inner][\/vc_column][\/vc_row][vc_row row_type=&#8221;row&#8221; use_row_as_full_screen_section=&#8221;no&#8221; type=&#8221;grid&#8221; text_align=&#8221;center&#8221; background_animation=&#8221;none&#8221; padding_top=&#8221;99&#8243; padding_bottom=&#8221;20&#8243; css_animation=&#8221;&#8221;][vc_column][vc_column_text]<\/p>\n<h3>How to find us<\/h3>\n<p>[\/vc_column_text][vc_empty_space height=&#8221;65px&#8221;][vc_gmaps link=&#8221;#E-8_JTNDaWZyYW1lJTIwc3JjJTNEJTIyaHR0cHMlM0ElMkYlMkZ3d3cuZ29vZ2xlLmNvbSUyRm1hcHMlMkZlbWJlZCUzRnBiJTNEJTIxMW0xOCUyMTFtMTIlMjExbTMlMjExZDI4OTIuMjQ1NDEzMTMxNDg0NCUyMTJkNS4yODk4NDIzMTU5MDA5ODMlMjEzZDQzLjUzODkyNTk3OTEyNTMlMjEybTMlMjExZjAlMjEyZjAlMjEzZjAlMjEzbTIlMjExaTEwMjQlMjEyaTc2OCUyMTRmMTMuMSUyMTNtMyUyMTFtMiUyMTFzMHgxMmM5ZjAzMTI3ZjY3YmM3JTI1M0EweDVlZmVmNmJjMTAxYjg2MTglMjEyc0xhJTJCVGFibGUlMkJkZSUyQlZlbnRhYnJlbiUyMTVlMCUyMTNtMiUyMTFzZnIlMjEyc2ZyJTIxNHYxNDc5NzE0NDY1NTM5JTIyJTIwd2lkdGglM0QlMjI2MDAlMjIlMjBoZWlnaHQlM0QlMjI0NTAlMjIlMjBmcmFtZWJvcmRlciUzRCUyMjAlMjIlMjBzdHlsZSUzRCUyMmJvcmRlciUzQTAlMjIlMjBhbGxvd2Z1bGxzY3JlZW4lM0UlM0MlMkZpZnJhbWUlM0U=&#8221; size=&#8221;500&#8243;][vc_empty_space height=&#8221;40px&#8221;][\/vc_column][\/vc_row]<\/p>\n","protected":false},"excerpt":{"rendered":"<p>[vc_row row_type=&#8221;row&#8221; use_row_as_full_screen_section=&#8221;no&#8221; type=&#8221;full_width&#8221; text_align=&#8221;left&#8221; background_animation=&#8221;none&#8221; padding_top=&#8221;30&#8243; css_animation=&#8221;&#8221;][vc_column width=&#8221;1\/3&#8243; css=&#8221;.vc_custom_1479668299499{background-color: #f9f9f9 !important;}&#8221;][\/vc_column][vc_column width=&#8221;1\/3&#8243;][vc_column_text css=&#8221;.vc_custom_1498467621282{margin-bottom: 30px !important;}&#8221;] RESERVATION INFORMATION [\/vc_column_text][\/vc_column][vc_column width=&#8221;1\/3&#8243; css=&#8221;.vc_custom_1479668283796{background-color: #f9f9f9 !important;}&#8221;][\/vc_column][\/vc_row][vc_row row_type=&#8221;row&#8221; use_row_as_full_screen_section=&#8221;no&#8221; type=&#8221;grid&#8221; text_align=&#8221;left&#8221; background_animation=&#8221;none&#8221; padding_top=&#8221;10&#8243; padding_bottom=&#8221;10&#8243; css_animation=&#8221;&#8221; css=&#8221;.vc_custom_1480541772548{padding-top: 40px !important;}&#8221;][vc_column offset=&#8221;vc_col-lg-6 vc_col-md-6&#8243;][vc_column_text] Our services [\/vc_column_text][vc_empty_space height=&#8221;33px&#8221;][vc_column_text] A private dining room is&#8230;<\/p>\n","protected":false},"author":2,"featured_media":0,"parent":0,"menu_order":0,"comment_status":"closed","ping_status":"closed","template":"","meta":{"footnotes":""},"class_list":["post-2215","page","type-page","status-publish","hentry"],"_links":{"self":[{"href":"https:\/\/www.danb.fr\/en\/wp-json\/wp\/v2\/pages\/2215","targetHints":{"allow":["GET"]}}],"collection":[{"href":"https:\/\/www.danb.fr\/en\/wp-json\/wp\/v2\/pages"}],"about":[{"href":"https:\/\/www.danb.fr\/en\/wp-json\/wp\/v2\/types\/page"}],"author":[{"embeddable":true,"href":"https:\/\/www.danb.fr\/en\/wp-json\/wp\/v2\/users\/2"}],"replies":[{"embeddable":true,"href":"https:\/\/www.danb.fr\/en\/wp-json\/wp\/v2\/comments?post=2215"}],"version-history":[{"count":22,"href":"https:\/\/www.danb.fr\/en\/wp-json\/wp\/v2\/pages\/2215\/revisions"}],"predecessor-version":[{"id":6618,"href":"https:\/\/www.danb.fr\/en\/wp-json\/wp\/v2\/pages\/2215\/revisions\/6618"}],"wp:attachment":[{"href":"https:\/\/www.danb.fr\/en\/wp-json\/wp\/v2\/media?parent=2215"}],"curies":[{"name":"wp","href":"https:\/\/api.w.org\/{rel}","templated":true}]}}