{"id":1638,"date":"2017-02-20T20:29:32","date_gmt":"2017-02-20T19:29:32","guid":{"rendered":"https:\/\/www.danb.fr\/?page_id=1638\/"},"modified":"2025-12-20T11:58:21","modified_gmt":"2025-12-20T10:58:21","slug":"menus-and-prices","status":"publish","type":"page","link":"https:\/\/www.danb.fr\/en\/menus-and-prices\/","title":{"rendered":"MENUS AND PRICES"},"content":{"rendered":"<p>[vc_row row_type=&#8221;row&#8221; use_row_as_full_screen_section=&#8221;no&#8221; type=&#8221;full_width&#8221; text_align=&#8221;center&#8221; background_animation=&#8221;none&#8221; padding_top=&#8221;30&#8243; padding_bottom=&#8221;95&#8243; css_animation=&#8221;&#8221;][vc_column width=&#8221;1\/3&#8243; css=&#8221;.vc_custom_1479668299499{background-color: #f9f9f9 !important;}&#8221;][\/vc_column][vc_column width=&#8221;1\/3&#8243;][vc_column_text css=&#8221;.vc_custom_1480530396949{margin-bottom: 30px !important;}&#8221;]<\/p>\n<h3 style=\"text-align: center;\">MENUS AND PRICES<\/h3>\n<p>&nbsp;<\/p>\n<p>[\/vc_column_text][vc_column_text css=&#8221;.vc_custom_1480346210460{margin-bottom: 30px !important;padding-right: 15px !important;padding-left: 15px !important;}&#8221;]<\/p>\n<p style=\"text-align: justify;\">Tr\u00e8s chers clients, notre cuisine servie est \u00e9labor\u00e9e \u00e0 partir de produits frais, le tout fait maison. Toutes nos viandes proviennent de France, de Suisse, d\u2019Allemagne et d\u2019Espagne en fonction des races ou esp\u00e8ces choisies. Chef de cuisine et propri\u00e9taire Dan Bessoudo<\/p>\n<p>&nbsp;<\/p>\n<p>[\/vc_column_text]<a href=\"\/contact-et-reservation\/\" target=\"_self\" data-hover-background-color='#dadada' data-hover-border-color='#dadada'  class=\"qbutton  big_large\" style=\"border-color: #515151; background-color: #515151;\">RESERVATION<\/a>[\/vc_column][vc_column width=&#8221;1\/3&#8243; css=&#8221;.vc_custom_1479668283796{background-color: #f9f9f9 !important;}&#8221;][\/vc_column][\/vc_row][vc_row row_type=&#8221;row&#8221; use_row_as_full_screen_section=&#8221;no&#8221; type=&#8221;grid&#8221; text_align=&#8221;left&#8221; background_animation=&#8221;none&#8221; css_animation=&#8221;&#8221;][vc_column width=&#8221;1\/2&#8243;][vc_single_image image=&#8221;987&#8243; img_size=&#8221;full&#8221; qode_css_animation=&#8221;&#8221;][vc_column_text]\u00a0 <img loading=\"lazy\" decoding=\"async\" class=\"wp-image-985 alignnone aligncenter\" src=\"https:\/\/www.danb.fr\/wp-content\/uploads\/2016\/11\/faite-maison.png\" alt=\"faite-maison\" width=\"77\" height=\"61\" \/><\/p>\n<p>[\/vc_column_text][vc_column_text css=&#8221;.vc_custom_1480012163737{margin-bottom: 30px !important;}&#8221;]<\/p>\n<p style=\"text-align: center;\"><span style=\"font-size: 10pt;\">All prices include VAT and service. Drinks and cheese are not included.<\/span><\/p>\n<p>&nbsp;<\/p>\n<p>[\/vc_column_text][\/vc_column][vc_column width=&#8221;1\/2&#8243;][vc_column_text css=&#8221;.vc_custom_1644493495882{margin-top: 20px !important;margin-bottom: 20px !important;background-color: #ededed !important;}&#8221;]<\/p>\n<h3 style=\"text-align: center;\">Discover<\/h3>\n<p>&nbsp;<\/p>\n<p>[\/vc_column_text][vc_column_text]<\/p>\n<p style=\"text-align: center;\"><strong><span style=\"font-size: 14pt;\">&#8211; 4 moments &#8211;<\/span><\/strong><\/p>\n<p style=\"text-align: center;\"><strong>Pour votre d\u00e9jeuner en semaine, hors week-end et jours f\u00e9ri\u00e9s.<\/strong><\/p>\n<p>&nbsp;<\/p>\n<p>[\/vc_column_text][vc_separator type=&#8221;small&#8221; position=&#8221;center&#8221; border_style=&#8221;solid&#8221; width=&#8221;300&#8243; color=&#8221;#848484&#8243;][vc_column_text]<\/p>\n<h2 style=\"text-align: center;\">95\u20ac <span style=\"font-size: 8pt;\">TTC<\/span><br \/>\n<span style=\"font-size: 12pt;\">INCLUDING VAT, EXCLUDING CHEESE AND BEVERAGES.<\/span><\/h2>\n<p>&nbsp;<\/p>\n<p>[\/vc_column_text][vc_empty_space height=&#8221;60px&#8221;][vc_column_text css=&#8221;.vc_custom_1644493458737{margin-top: 20px !important;margin-bottom: 20px !important;background-color: #ededed !important;}&#8221;]<\/p>\n<h3 style=\"text-align: center;\">Origin<\/h3>\n<p>&nbsp;<\/p>\n<p>[\/vc_column_text][vc_column_text]<\/p>\n<p style=\"text-align: center;\"><strong><span style=\"font-size: 14pt;\">&#8211; 6 moments &#8211;<\/span><\/strong><\/p>\n<p>&nbsp;<\/p>\n<p>[\/vc_column_text][vc_separator type=&#8221;small&#8221; position=&#8221;center&#8221; border_style=&#8221;solid&#8221; width=&#8221;300&#8243; color=&#8221;#848484&#8243;][vc_column_text]<\/p>\n<h2 style=\"text-align: center;\">135\u20ac <span style=\"font-size: 8pt;\">TTC<\/span><\/h2>\n<p>&nbsp;<\/p>\n<p>[\/vc_column_text][vc_empty_space height=&#8221;60px&#8221;][vc_column_text css=&#8221;.vc_custom_1644493470512{margin-top: 20px !important;margin-bottom: 20px !important;background-color: #ededed !important;}&#8221;]<\/p>\n<h3 style=\"text-align: center;\"><strong>Expression<\/strong><\/h3>\n<p>&nbsp;<\/p>\n<p>[\/vc_column_text][vc_column_text]<\/p>\n<p style=\"text-align: center;\"><strong><span style=\"font-size: 14pt;\">&#8211; 8 moments &#8211;<\/span><\/strong><\/p>\n<p>&nbsp;<\/p>\n<p>[\/vc_column_text][vc_separator type=&#8221;small&#8221; position=&#8221;center&#8221; border_style=&#8221;solid&#8221; width=&#8221;300&#8243; color=&#8221;#848484&#8243;][vc_column_text]<\/p>\n<h2 style=\"text-align: center;\">165\u20ac <span style=\"font-size: 8pt;\">TTC<\/span><\/h2>\n<p>&nbsp;<\/p>\n<p>[\/vc_column_text][vc_empty_space height=&#8221;60px&#8221;][vc_column_text css=&#8221;.vc_custom_1635151514040{margin-top: 20px !important;margin-bottom: 20px !important;background-color: #ededed !important;}&#8221;]<\/p>\n<h3 style=\"text-align: center;\"><strong>V\u00e9g\u00e9tarian &amp; V\u00e9gan<\/strong><\/h3>\n<p style=\"text-align: center;\">(on demand)<\/p>\n<p>&nbsp;<\/p>\n<p>[\/vc_column_text][vc_separator type=&#8221;small&#8221; position=&#8221;center&#8221; border_style=&#8221;solid&#8221; width=&#8221;300&#8243; color=&#8221;#848484&#8243;][vc_column_text]<\/p>\n<h2 style=\"text-align: center;\">97\u20ac <span style=\"font-size: 8pt;\">TTC<\/span><\/h2>\n<p>&nbsp;<\/p>\n<p>[\/vc_column_text][\/vc_column][\/vc_row][vc_row row_type=&#8221;row&#8221; use_row_as_full_screen_section=&#8221;no&#8221; type=&#8221;full_width&#8221; text_align=&#8221;center&#8221; background_animation=&#8221;none&#8221; padding_top=&#8221;30&#8243; padding_bottom=&#8221;95&#8243; css_animation=&#8221;&#8221;][vc_column width=&#8221;1\/3&#8243;][\/vc_column][vc_column width=&#8221;1\/3&#8243;]<a href=\"\/contact-et-reservation\/\" target=\"_self\" data-hover-background-color='#dadada' data-hover-border-color='#dadada'  class=\"qbutton  big_large\" style=\"border-color: #515151; background-color: #515151;\">BOOKING<\/a>[\/vc_column][vc_column width=&#8221;1\/3&#8243;][\/vc_column][\/vc_row][vc_row row_type=&#8221;row&#8221; use_row_as_full_screen_section=&#8221;no&#8221; type=&#8221;full_width&#8221; text_align=&#8221;left&#8221; background_animation=&#8221;none&#8221; css_animation=&#8221;&#8221;][vc_column][vc_empty_space height=&#8221;40px&#8221;][\/vc_column][\/vc_row]<\/p>\n","protected":false},"excerpt":{"rendered":"<p>[vc_row row_type=&#8221;row&#8221; use_row_as_full_screen_section=&#8221;no&#8221; type=&#8221;full_width&#8221; text_align=&#8221;center&#8221; background_animation=&#8221;none&#8221; padding_top=&#8221;30&#8243; padding_bottom=&#8221;95&#8243; css_animation=&#8221;&#8221;][vc_column width=&#8221;1\/3&#8243; css=&#8221;.vc_custom_1479668299499{background-color: #f9f9f9 !important;}&#8221;][\/vc_column][vc_column width=&#8221;1\/3&#8243;][vc_column_text css=&#8221;.vc_custom_1480530396949{margin-bottom: 30px !important;}&#8221;] MENUS AND PRICES &nbsp; [\/vc_column_text][vc_column_text css=&#8221;.vc_custom_1480346210460{margin-bottom: 30px !important;padding-right: 15px !important;padding-left: 15px !important;}&#8221;] Tr\u00e8s chers clients, notre cuisine servie est \u00e9labor\u00e9e \u00e0 partir de produits frais, le tout fait&#8230;<\/p>\n","protected":false},"author":2,"featured_media":0,"parent":0,"menu_order":0,"comment_status":"closed","ping_status":"closed","template":"full_width.php","meta":{"footnotes":""},"class_list":["post-1638","page","type-page","status-publish","hentry"],"_links":{"self":[{"href":"https:\/\/www.danb.fr\/en\/wp-json\/wp\/v2\/pages\/1638","targetHints":{"allow":["GET"]}}],"collection":[{"href":"https:\/\/www.danb.fr\/en\/wp-json\/wp\/v2\/pages"}],"about":[{"href":"https:\/\/www.danb.fr\/en\/wp-json\/wp\/v2\/types\/page"}],"author":[{"embeddable":true,"href":"https:\/\/www.danb.fr\/en\/wp-json\/wp\/v2\/users\/2"}],"replies":[{"embeddable":true,"href":"https:\/\/www.danb.fr\/en\/wp-json\/wp\/v2\/comments?post=1638"}],"version-history":[{"count":48,"href":"https:\/\/www.danb.fr\/en\/wp-json\/wp\/v2\/pages\/1638\/revisions"}],"predecessor-version":[{"id":8211,"href":"https:\/\/www.danb.fr\/en\/wp-json\/wp\/v2\/pages\/1638\/revisions\/8211"}],"wp:attachment":[{"href":"https:\/\/www.danb.fr\/en\/wp-json\/wp\/v2\/media?parent=1638"}],"curies":[{"name":"wp","href":"https:\/\/api.w.org\/{rel}","templated":true}]}}